{"id":3298,"date":"2026-03-31T14:16:09","date_gmt":"2026-03-31T14:16:09","guid":{"rendered":"https:\/\/mundosemroteiros.com\/?page_id=3298"},"modified":"2026-05-03T18:36:16","modified_gmt":"2026-05-03T21:36:16","slug":"quem-somos","status":"publish","type":"page","link":"https:\/\/mundosemroteiros.com\/pt\/quem-somos\/","title":{"rendered":"Quem Somos"},"content":{"rendered":"\n<figure class=\"wp-block-gallery has-nested-images columns-default is-cropped wp-block-gallery-1 is-layout-flex wp-block-gallery-is-layout-flex\"><\/figure>\n\n\n\n<figure class=\"wp-block-image size-large is-resized\"><img fetchpriority=\"high\" decoding=\"async\" width=\"683\" height=\"1024\" src=\"https:\/\/mundosemroteiros.com\/wp-content\/uploads\/2026\/04\/DSC03833-683x1024.jpg\" alt class=\"wp-image-3354\" style=\"aspect-ratio:0.6669972838526567;width:683px;height:auto\" srcset=\"https:\/\/mundosemroteiros.com\/wp-content\/uploads\/2026\/04\/DSC03833-683x1024.jpg 683w, https:\/\/mundosemroteiros.com\/wp-content\/uploads\/2026\/04\/DSC03833-200x300.jpg 200w, https:\/\/mundosemroteiros.com\/wp-content\/uploads\/2026\/04\/DSC03833-768x1152.jpg 768w, https:\/\/mundosemroteiros.com\/wp-content\/uploads\/2026\/04\/DSC03833-1024x1536.jpg 1024w, https:\/\/mundosemroteiros.com\/wp-content\/uploads\/2026\/04\/DSC03833-8x12.jpg 8w, https:\/\/mundosemroteiros.com\/wp-content\/uploads\/2026\/04\/DSC03833.jpg 1365w\" sizes=\"(max-width: 683px) 100vw, 683px\"><\/figure>\n\n\n\n<p>Ol\u00e1, somos Osiel e Rejane! \u2708\ufe0f Des\u00adde 2020, decidi\u00admos deixar um pouco de lado a roti\u00adna tradi\u00adcional para viv\u00ader a estra\u00adda jun\u00adtos, explo\u00adran\u00addo o mun\u00addo lado a lado. O que come\u00e7ou como uma sim\u00adples for\u00adma de fugir do dia a dia estres\u00adsante se trans\u00adfor\u00admou na nos\u00adsa maior paix\u00e3o e esti\u00adlo de vida: via\u00adjar pelo mun\u00addo gas\u00adtan\u00addo o m\u00edn\u00adi\u00admo pos\u00ads\u00edv\u00adel, mas sem abrir m\u00e3o de exper\u00adi\u00ean\u00adcias incr\u00edveis e mem\u00ado\u00adr\u00e1veis.<\/p>\n\n\n\n<p>Nos\u00adso foco prin\u00adci\u00adpal \u00e9 com\u00adpar\u00adtil\u00adhar via\u00adgens econ\u00f4mi\u00adcas e dicas ver\u00addadeiras de como econ\u00ado\u00admizar. Mostramos como aproveitar ao m\u00e1x\u00adi\u00admo cada real investi\u00addo durante a viagem \u2014 des\u00adde encon\u00adtrar pas\u00adsagens pro\u00admo\u00adcionais, escol\u00adher hospeda\u00adgens econ\u00f4mi\u00adcas e mon\u00adtar roteiros inteligentes at\u00e9 rev\u00ade\u00adlar macetes para com\u00ader bem sem estourar o or\u00e7a\u00admen\u00adto.<\/p>\n\n\n\n<p>De vez em quan\u00addo, tam\u00adb\u00e9m apre\u00adsen\u00adta\u00admos op\u00e7\u00f5es de luxo acess\u00edv\u00adel: aque\u00adle hotel char\u00admoso com di\u00e1ria jus\u00adta, um jan\u00adtar espe\u00adcial ou uma exper\u00adi\u00ean\u00adcia \u00fani\u00adca que real\u00admente vale o inves\u00adti\u00admen\u00adto. Acred\u00adi\u00adta\u00admos que via\u00adjar bem n\u00e3o pre\u00adcisa ser caro o tem\u00adpo todo, mas pode sim ter momen\u00adtos inesquec\u00edveis que fazem toda a difer\u00aden\u00e7a.<\/p>\n\n\n\n<p>Sem\u00adpre via\u00adjamos a dois. Somos um casal que plane\u00adja, erra, acer\u00adta e com\u00adpar\u00adtil\u00adha tudo com voc\u00eas de for\u00adma hon\u00ades\u00adta e trans\u00adpar\u00adente, mostran\u00addo a real\u00adi\u00addade de quem vive essa aven\u00adtu\u00adra jun\u00adtos.<\/p>\n\n\n\n<p>Nos\u00adso grande son\u00adho \u00e9 con\u00adhecer todos os 27 esta\u00addos brasileiros e explo\u00adrar cada pa\u00eds da Europa. J\u00e1 esta\u00admos no meio dessa jor\u00adna\u00adda incr\u00edv\u00adel e vamos reg\u00adis\u00adtrar cada pas\u00adso aqui, mostran\u00addo o que real\u00admente fun\u00adciona na pr\u00e1ti\u00adca para quem dese\u00adja via\u00adjar mais gas\u00adtan\u00addo menos.<\/p>\n\n\n\n<p>Se voc\u00ea quer via\u00adjar mais pagan\u00addo menos, plane\u00adjar roteiros inteligentes ou sim\u00adples\u00admente se inspi\u00adrar com hist\u00f3rias reais de um casal que ama via\u00adjar jun\u00adto, voc\u00ea est\u00e1 no lugar cer\u00adto.<\/p>\n\n\n\n<p>Seja muito bem-vindo(a) ao nos\u00adso can\u00adtinho espe\u00adcial! Vamos embar\u00adcar nes\u00adsa aven\u00adtu\u00adra e via\u00adjar jun\u00adtos? \ud83d\udc95<\/p>\n\n\n\n<p><\/p>\n\n\n\n<div class=\"wp-block-group alignfull is-style-ext-preset--group--natural-1--section has-palette-color-7-background-color has-background is-layout-constrained wp-container-core-group-is-layout-2f44d435 wp-block-group-is-layout-constrained\" style=\"margin-top:0;margin-bottom:0;padding-top:min(6rem,8vw);padding-bottom:min(6rem,8vw)\">\n<div class=\"wp-block-group alignwide is-style-ext-preset--group--natural-1--item-card-1--align-start ext-animate--on is-layout-constrained wp-block-group-is-layout-constrained\">\n<div class=\"wp-block-group alignwide is-style-default is-layout-constrained wp-container-core-group-is-layout-307758b3 wp-block-group-is-layout-constrained\" style=\"padding-top:min(4rem,7vw);padding-right:min(4rem,7vw);padding-bottom:min(4rem,7vw);padding-left:min(4rem,7vw)\">\n<figure class=\"wp-block-image aligncenter size-large wp-duotone-varpresetduotoneprimary-foreground-2\"><img decoding=\"async\" src=\"data:image\/svg+xml;base64,PHN2ZyB3aWR0aD0iMTE2IiBoZWlnaHQ9IjE5IiB2aWV3Qm94PSIwIDAgMTE2IDE5IiBmaWxsPSJub25lIiB4bWxucz0iaHR0cDovL3d3dy53My5vcmcvMjAwMC9zdmciPgo8ZyBjbGlwLXBhdGg9InVybCgjY2xpcDBfMzAyXzE5MTQpIj4KPHBhdGggZD0iTTkuMDcwODggMC42MTIzNDNDOS40MTQ2MiAtMC4yMDQxMTUgMTAuNTg1NCAtMC4yMDQxMTQgMTAuOTI5MSAwLjYxMjM0NkwxMi45NTc5IDUuNDMxMjNDMTMuMTAyOSA1Ljc3NTQzIDEzLjQzMDYgNi4wMTA2MSAxMy44MDY3IDYuMDQwNEwxOS4wNzI3IDYuNDU3NDhDMTkuOTY0OSA2LjUyODE0IDIwLjMyNjcgNy42MjgxMyAxOS42NDY5IDguMjAzNEwxNS42MzQ4IDExLjU5ODdDMTUuMzQ4MiAxMS44NDEyIDE1LjIyMyAxMi4yMjE4IDE1LjMxMDYgMTIuNTg0M0wxNi41MzYzIDE3LjY2MUMxNi43NDQgMTguNTIxMSAxNS43OTY5IDE5LjIwMSAxNS4wMzMgMTguNzQwMUwxMC41MjQ1IDE2LjAxOTZDMTAuMjAyNSAxNS44MjUyIDkuNzk3NSAxNS44MjUyIDkuNDc1NDggMTYuMDE5Nkw0Ljk2Njk5IDE4Ljc0MDFDNC4yMDMxMSAxOS4yMDEgMy4yNTU5NiAxOC41MjExIDMuNDYzNjMgMTcuNjYxTDQuNjg5NDIgMTIuNTg0M0M0Ljc3Njk4IDEyLjIyMTggNC42NTE4MiAxMS44NDEyIDQuMzY1MjYgMTEuNTk4N0wwLjM1MzA2MiA4LjIwMzRDLTAuMzI2NzE4IDcuNjI4MTMgMC4wMzUwNjc5IDYuNTI4MTQgMC45MjcyOTEgNi40NTc0OEw2LjE5MzM2IDYuMDQwNEM2LjU2OTUgNi4wMTA2MSA2Ljg5NzE2IDUuNzc1NDMgNy4wNDIwNyA1LjQzMTIzTDkuMDcwODggMC42MTIzNDNaIiBmaWxsPSIjMjIyMjIyIi8+CjxwYXRoIGQ9Ik0zMy4wNzA5IDAuNjEyMzQzQzMzLjQxNDYgLTAuMjA0MTE1IDM0LjU4NTQgLTAuMjA0MTE0IDM0LjkyOTEgMC42MTIzNDZMMzYuOTU3OSA1LjQzMTIzQzM3LjEwMjkgNS43NzU0MyAzNy40MzA2IDYuMDEwNjEgMzcuODA2NyA2LjA0MDRMNDMuMDcyNyA2LjQ1NzQ4QzQzLjk2NDkgNi41MjgxNCA0NC4zMjY3IDcuNjI4MTMgNDMuNjQ2OSA4LjIwMzRMMzkuNjM0OCAxMS41OTg3QzM5LjM0ODIgMTEuODQxMiAzOS4yMjMgMTIuMjIxOCAzOS4zMTA2IDEyLjU4NDNMNDAuNTM2MyAxNy42NjFDNDAuNzQ0IDE4LjUyMTEgMzkuNzk2OSAxOS4yMDEgMzkuMDMzIDE4Ljc0MDFMMzQuNTI0NSAxNi4wMTk2QzM0LjIwMjUgMTUuODI1MiAzMy43OTc1IDE1LjgyNTIgMzMuNDc1NSAxNi4wMTk2TDI4Ljk2NyAxOC43NDAxQzI4LjIwMzEgMTkuMjAxIDI3LjI1NiAxOC41MjExIDI3LjQ2MzYgMTcuNjYxTDI4LjY4OTQgMTIuNTg0M0MyOC43NzcgMTIuMjIxOCAyOC42NTE4IDExLjg0MTIgMjguMzY1MyAxMS41OTg3TDI0LjM1MzEgOC4yMDM0QzIzLjY3MzMgNy42MjgxMyAyNC4wMzUxIDYuNTI4MTQgMjQuOTI3MyA2LjQ1NzQ4TDMwLjE5MzQgNi4wNDA0QzMwLjU2OTUgNi4wMTA2MSAzMC44OTcyIDUuNzc1NDMgMzEuMDQyMSA1LjQzMTIzTDMzLjA3MDkgMC42MTIzNDNaIiBmaWxsPSIjMjIyMjIyIi8+CjxwYXRoIGQ9Ik01Ny4wNzA5IDAuNjEyMzQzQzU3LjQxNDYgLTAuMjA0MTE1IDU4LjU4NTQgLTAuMjA0MTE0IDU4LjkyOTEgMC42MTIzNDZMNjAuOTU3OSA1LjQzMTIzQzYxLjEwMjkgNS43NzU0MyA2MS40MzA2IDYuMDEwNjEgNjEuODA2NyA2LjA0MDRMNjcuMDcyNyA2LjQ1NzQ4QzY3Ljk2NDkgNi41MjgxNCA2OC4zMjY3IDcuNjI4MTMgNjcuNjQ2OSA4LjIwMzRMNjMuNjM0OCAxMS41OTg3QzYzLjM0ODIgMTEuODQxMiA2My4yMjMgMTIuMjIxOCA2My4zMTA2IDEyLjU4NDNMNjQuNTM2MyAxNy42NjFDNjQuNzQ0IDE4LjUyMTEgNjMuNzk2OSAxOS4yMDEgNjMuMDMzIDE4Ljc0MDFMNTguNTI0NSAxNi4wMTk2QzU4LjIwMjUgMTUuODI1MiA1Ny43OTc1IDE1LjgyNTIgNTcuNDc1NSAxNi4wMTk2TDUyLjk2NyAxOC43NDAxQzUyLjIwMzEgMTkuMjAxIDUxLjI1NiAxOC41MjExIDUxLjQ2MzYgMTcuNjYxTDUyLjY4OTQgMTIuNTg0M0M1Mi43NzcgMTIuMjIxOCA1Mi42NTE4IDExLjg0MTIgNTIuMzY1MyAxMS41OTg3TDQ4LjM1MzEgOC4yMDM0QzQ3LjY3MzMgNy42MjgxMyA0OC4wMzUxIDYuNTI4MTQgNDguOTI3MyA2LjQ1NzQ4TDU0LjE5MzQgNi4wNDA0QzU0LjU2OTUgNi4wMTA2MSA1NC44OTcyIDUuNzc1NDMgNTUuMDQyMSA1LjQzMTIzTDU3LjA3MDkgMC42MTIzNDNaIiBmaWxsPSIjMjIyMjIyIi8+CjxwYXRoIGQ9Ik04MS4wNzA2IDAuNjEyMzQzQzgxLjQxNDQgLTAuMjA0MTE1IDgyLjU4NTEgLTAuMjA0MTE0IDgyLjkyODkgMC42MTIzNDZMODQuOTU3NiA1LjQzMTIzQzg1LjEwMjYgNS43NzU0MyA4NS40MzAzIDYuMDEwNjEgODUuODA2NCA2LjA0MDRMOTEuMDcyNCA2LjQ1NzQ4QzkxLjk2NDYgNi41MjgxNCA5Mi4zMjY0IDcuNjI4MTMgOTEuNjQ2NiA4LjIwMzRMODcuNjM0NSAxMS41OTg3Qzg3LjM0OCAxMS44NDEyIDg3LjIyMjggMTIuMjIxOCA4Ny4zMTAzIDEyLjU4NDNMODguNTM2MSAxNy42NjFDODguNzQzOCAxOC41MjExIDg3Ljc5NjYgMTkuMjAxIDg3LjAzMjggMTguNzQwMUw4Mi41MjQzIDE2LjAxOTZDODIuMjAyMyAxNS44MjUyIDgxLjc5NzMgMTUuODI1MiA4MS40NzUyIDE2LjAxOTZMNzYuOTY2NyAxOC43NDAxQzc2LjIwMjkgMTkuMjAxIDc1LjI1NTcgMTguNTIxMSA3NS40NjM0IDE3LjY2MUw3Ni42ODkyIDEyLjU4NDNDNzYuNzc2NyAxMi4yMjE4IDc2LjY1MTYgMTEuODQxMiA3Ni4zNjUgMTEuNTk4N0w3Mi4zNTI4IDguMjAzNEM3MS42NzMgNy42MjgxMyA3Mi4wMzQ4IDYuNTI4MTQgNzIuOTI3IDYuNDU3NDhMNzguMTkzMSA2LjA0MDRDNzguNTY5MyA2LjAxMDYxIDc4Ljg5NjkgNS43NzU0MyA3OS4wNDE4IDUuNDMxMjNMODEuMDcwNiAwLjYxMjM0M1oiIGZpbGw9IiMyMjIyMjIiLz4KPHBhdGggZD0iTTEwNS4wNzEgMC42MTIzNDNDMTA1LjQxNCAtMC4yMDQxMTUgMTA2LjU4NSAtMC4yMDQxMTQgMTA2LjkyOSAwLjYxMjM0NkwxMDguOTU4IDUuNDMxMjNDMTA5LjEwMyA1Ljc3NTQzIDEwOS40MyA2LjAxMDYxIDEwOS44MDYgNi4wNDA0TDExNS4wNzIgNi40NTc0OEMxMTUuOTY1IDYuNTI4MTQgMTE2LjMyNiA3LjYyODEzIDExNS42NDcgOC4yMDM0TDExMS42MzUgMTEuNTk4N0MxMTEuMzQ4IDExLjg0MTIgMTExLjIyMyAxMi4yMjE4IDExMS4zMSAxMi41ODQzTDExMi41MzYgMTcuNjYxQzExMi43NDQgMTguNTIxMSAxMTEuNzk3IDE5LjIwMSAxMTEuMDMzIDE4Ljc0MDFMMTA2LjUyNCAxNi4wMTk2QzEwNi4yMDIgMTUuODI1MiAxMDUuNzk3IDE1LjgyNTIgMTA1LjQ3NSAxNi4wMTk2TDEwMC45NjcgMTguNzQwMUMxMDAuMjAzIDE5LjIwMSA5OS4yNTU3IDE4LjUyMTEgOTkuNDYzNCAxNy42NjFMMTAwLjY4OSAxMi41ODQzQzEwMC43NzcgMTIuMjIxOCAxMDAuNjUyIDExLjg0MTIgMTAwLjM2NSAxMS41OTg3TDk2LjM1MjggOC4yMDM0Qzk1LjY3MyA3LjYyODEzIDk2LjAzNDggNi41MjgxNCA5Ni45MjcgNi40NTc0OEwxMDIuMTkzIDYuMDQwNEMxMDIuNTY5IDYuMDEwNjEgMTAyLjg5NyA1Ljc3NTQzIDEwMy4wNDIgNS40MzEyM0wxMDUuMDcxIDAuNjEyMzQzWiIgZmlsbD0iIzIyMjIyMiIvPgo8L2c+CjxkZWZzPgo8Y2xpcFBhdGggaWQ9ImNsaXAwXzMwMl8xOTE0Ij4KPHJlY3Qgd2lkdGg9IjExNiIgaGVpZ2h0PSIxOC44ODg5IiBmaWxsPSJ3aGl0ZSIvPgo8L2NsaXBQYXRoPgo8L2RlZnM+Cjwvc3ZnPgo=\" alt><\/figure>\n\n\n\n<p class=\"has-text-align-center\" style=\"margin-top:var(--wp--preset--spacing--60);margin-bottom:24px;font-size:clamp(14px, 0.875rem + ((1vw - 3.2px) * 0.469), 20px);font-style:normal;font-weight:600\">Somos um casal apaixon\u00ada\u00addo por via\u00adgens que decid\u00adiu cri\u00adar o Mun\u00addo Sem Roteiros para com\u00adpar\u00adtil\u00adhar dicas reais, econ\u00f4mi\u00adcas e pr\u00e1ti\u00adcas para explo\u00adrar o mun\u00addo com liber\u00addade e orga\u00adni\u00adza\u00ad\u00e7\u00e3o.<\/p>\n\n\n\n<div class=\"wp-block-group is-vertical is-content-justification-center is-nowrap is-layout-flex wp-container-core-group-is-layout-b24f4fca wp-block-group-is-layout-flex\" style=\"padding-top:0;padding-right:0;padding-bottom:0;padding-left:0\">\n<div class=\"wp-block-group is-layout-constrained wp-container-core-group-is-layout-fe9d9fd4 wp-block-group-is-layout-constrained\" style=\"padding-top:0;padding-right:0;padding-bottom:0;padding-left:0\">\n<figure class=\"wp-block-image aligncenter size-large is-style-rounded\"><img decoding=\"async\" width=\"683\" height=\"1024\" src=\"https:\/\/mundosemroteiros.com\/wp-content\/uploads\/2026\/04\/DSC03833-683x1024.jpg\" alt class=\"wp-image-3354\" style=\"object-fit:cover\" srcset=\"https:\/\/mundosemroteiros.com\/wp-content\/uploads\/2026\/04\/DSC03833-683x1024.jpg 683w, https:\/\/mundosemroteiros.com\/wp-content\/uploads\/2026\/04\/DSC03833-200x300.jpg 200w, https:\/\/mundosemroteiros.com\/wp-content\/uploads\/2026\/04\/DSC03833-768x1152.jpg 768w, https:\/\/mundosemroteiros.com\/wp-content\/uploads\/2026\/04\/DSC03833-1024x1536.jpg 1024w, https:\/\/mundosemroteiros.com\/wp-content\/uploads\/2026\/04\/DSC03833-8x12.jpg 8w, https:\/\/mundosemroteiros.com\/wp-content\/uploads\/2026\/04\/DSC03833.jpg 1365w\" sizes=\"(max-width: 683px) 100vw, 683px\"><\/figure>\n<\/div>\n\n\n\n<div class=\"wp-block-group is-layout-constrained wp-container-core-group-is-layout-639b5052 wp-block-group-is-layout-constrained\" style=\"padding-top:0;padding-right:0;padding-bottom:0;padding-left:0\">\n<h4 class=\"wp-block-heading has-text-align-center has-normal-font-size\" style=\"font-style:normal;font-weight:600\">Mundo Sem Roteiros<\/h4>\n\n\n\n<p class=\"has-text-align-center has-normal-font-size\" style=\"margin-top:4px;margin-bottom:0\">Blog de via\u00adgens<\/p>\n<\/div>\n<\/div>\n<\/div>\n<\/div>\n<\/div>\n\n\n\n<div class=\"wp-block-group alignfull is-style-ext-preset--group--natural-1--section has-palette-color-7-background-color has-background is-layout-constrained wp-block-group-is-layout-constrained\" style=\"margin-top:0;margin-bottom:0;padding-top:0;padding-bottom:0\">\n<div class=\"wp-block-cover alignfull is-style-ext-preset--cover--natural-1--cover-overlay-1\" style=\"padding-top:min(7rem,10vw);padding-right:var(--wp--preset--spacing--60);padding-bottom:min(7rem,10vw);padding-left:var(--wp--preset--spacing--60)\"><img decoding=\"async\" width=\"1080\" height=\"1440\" class=\"wp-block-cover__image-background wp-image-3302\" alt src=\"https:\/\/mundosemroteiros.com\/wp-content\/uploads\/2026\/03\/66178637f4841eadbee197dec87f305745cb0b0c.jpg\" data-object-fit=\"cover\" srcset=\"https:\/\/mundosemroteiros.com\/wp-content\/uploads\/2026\/03\/66178637f4841eadbee197dec87f305745cb0b0c.jpg 1080w, https:\/\/mundosemroteiros.com\/wp-content\/uploads\/2026\/03\/66178637f4841eadbee197dec87f305745cb0b0c-225x300.jpg 225w, https:\/\/mundosemroteiros.com\/wp-content\/uploads\/2026\/03\/66178637f4841eadbee197dec87f305745cb0b0c-768x1024.jpg 768w, https:\/\/mundosemroteiros.com\/wp-content\/uploads\/2026\/03\/66178637f4841eadbee197dec87f305745cb0b0c-9x12.jpg 9w\" sizes=\"(max-width: 1080px) 100vw, 1080px\"><span aria-hidden=\"true\" class=\"wp-block-cover__background has-background-dim-80 has-background-dim\" style=\"background-color:#010101\"><\/span><div class=\"wp-block-cover__inner-container is-layout-constrained wp-container-core-cover-is-layout-ae0d19d9 wp-block-cover-is-layout-constrained\">\n<div class=\"wp-block-group alignwide ext-is-logical-start is-content-justification-left is-layout-constrained wp-container-core-group-is-layout-b5c7fc8d wp-block-group-is-layout-constrained\">\n<h2 class=\"wp-block-heading has-text-align-left ext-animate--on\">Conhe\u00e7a nossa jornada e inspire suas pr\u00f3ximas aventuras.<\/h2>\n\n\n\n<p class=\"has-text-align-left ext-animate--on\" style=\"margin-top:1.5rem\">Aqui voc\u00ea desco\u00adbre como o Mun\u00addo Sem Roteiros nasceu, nos\u00adsa paix\u00e3o por via\u00adgens e dicas para via\u00adjar com liber\u00addade e econo\u00admia.<\/p>\n\n\n\n<div class=\"wp-block-buttons ext-animate--on is-layout-flex wp-block-buttons-is-layout-flex\">\n<div class=\"wp-block-button is-style-ext-preset--button--natural-1--button-1\"><a class=\"wp-block-button__link wp-element-button\" href=\"#\">Sai\u00adba Mais<\/a><\/div>\n<\/div>\n<\/div>\n<\/div><\/div>\n<\/div>\n\n\n\n<p><\/p>\n","protected":false},"excerpt":{"rendered":"<p>Ol\u00e1, somos Osiel e Rejane! \u2708\ufe0f Des\u00adde 2020, decidi\u00admos deixar um pouco de lado a roti\u00adna tradi\u00adcional para viv\u00ader a estra\u00adda jun\u00adtos, explo\u00adran\u00addo o mun\u00addo lado a lado. O que come\u00e7ou como uma sim\u00adples for\u00adma de fugir do dia a dia estres\u00adsante se trans\u00adfor\u00admou na nos\u00adsa maior paix\u00e3o e esti\u00adlo de vida: via\u00adjar pelo mun\u00addo gas\u00adtan\u00addo o m\u00edn\u00adi\u00admo pos\u00ads\u00edv\u00adel, mas sem abrir m\u00e3o de exper\u00adi\u00ean\u00adcias incr\u00edveis e mem\u00ado\u00adr\u00e1veis. Nos\u00adso foco prin\u00adci\u00adpal \u00e9 com\u00adpar\u00adtil\u00adhar via\u00adgens econ\u00f4mi\u00adcas e dicas ver\u00addadeiras de como econ\u00ado\u00admizar. Mostramos como aproveitar ao m\u00e1x\u00adi\u00admo cada real investi\u00addo durante a viagem \u2014 des\u00adde encon\u00adtrar pas\u00adsagens pro\u00admo\u00adcionais, escol\u00adher hospeda\u00adgens econ\u00f4mi\u00adcas e mon\u00adtar roteiros inteligentes at\u00e9 rev\u00ade\u00adlar macetes para com\u00ader bem sem estourar o or\u00e7a\u00admen\u00adto. De vez em quan\u00addo, tam\u00adb\u00e9m apre\u00adsen\u00adta\u00admos op\u00e7\u00f5es de luxo acess\u00edv\u00adel: aque\u00adle hotel char\u00admoso com di\u00e1ria jus\u00adta, um jan\u00adtar espe\u00adcial ou uma exper\u00adi\u00ean\u00adcia \u00fani\u00adca que real\u00admente vale o inves\u00adti\u00admen\u00adto. Acred\u00adi\u00adta\u00admos que via\u00adjar bem n\u00e3o pre\u00adcisa ser caro o tem\u00adpo todo, mas pode sim ter momen\u00adtos inesquec\u00edveis que fazem toda a difer\u00aden\u00e7a. Sem\u00adpre via\u00adjamos a dois. Somos um casal que plane\u00adja, erra, acer\u00adta e com\u00adpar\u00adtil\u00adha tudo com voc\u00eas de for\u00adma hon\u00ades\u00adta e trans\u00adpar\u00adente, mostran\u00addo a real\u00adi\u00addade de quem vive essa aven\u00adtu\u00adra jun\u00adtos. Nos\u00adso grande son\u00adho \u00e9 con\u00adhecer todos os 27 esta\u00addos brasileiros e explo\u00adrar cada pa\u00eds da Europa. J\u00e1 esta\u00admos no meio dessa jor\u00adna\u00adda incr\u00edv\u00adel e vamos reg\u00adis\u00adtrar cada pas\u00adso aqui, mostran\u00addo o que real\u00admente fun\u00adciona na pr\u00e1ti\u00adca para quem dese\u00adja via\u00adjar mais gas\u00adtan\u00addo menos. Se voc\u00ea quer via\u00adjar mais pagan\u00addo menos, plane\u00adjar roteiros inteligentes ou sim\u00adples\u00admente se inspi\u00adrar com hist\u00f3rias reais de um casal que ama via\u00adjar jun\u00adto, voc\u00ea est\u00e1 no lugar cer\u00adto. Seja muito bem-vindo(a) ao nos\u00adso can\u00adtinho espe\u00adcial! Vamos embar\u00adcar nes\u00adsa aven\u00adtu\u00adra e via\u00adjar jun\u00adtos? \ud83d\udc95 Somos um casal apaixon\u00ada\u00addo por via\u00adgens que decid\u00adiu cri\u00adar o Mun\u00addo Sem Roteiros para com\u00adpar\u00adtil\u00adhar dicas reais, econ\u00f4mi\u00adcas e pr\u00e1ti\u00adcas para explo\u00adrar o mun\u00addo com liber\u00addade e orga\u00adni\u00adza\u00ad\u00e7\u00e3o. Mun\u00addo Sem Roteiros Blog de via\u00adgens<\/p>\n","protected":false},"author":1,"featured_media":0,"parent":0,"menu_order":0,"comment_status":"closed","ping_status":"closed","template":"","meta":{"wp_typography_post_enhancements_disabled":false,"footnotes":""},"class_list":["post-3298","page","type-page","status-publish","hentry"],"blocksy_meta":[],"_links":{"self":[{"href":"https:\/\/mundosemroteiros.com\/pt\/wp-json\/wp\/v2\/pages\/3298","targetHints":{"allow":["GET"]}}],"collection":[{"href":"https:\/\/mundosemroteiros.com\/pt\/wp-json\/wp\/v2\/pages"}],"about":[{"href":"https:\/\/mundosemroteiros.com\/pt\/wp-json\/wp\/v2\/types\/page"}],"author":[{"embeddable":true,"href":"https:\/\/mundosemroteiros.com\/pt\/wp-json\/wp\/v2\/users\/1"}],"replies":[{"embeddable":true,"href":"https:\/\/mundosemroteiros.com\/pt\/wp-json\/wp\/v2\/comments?post=3298"}],"version-history":[{"count":4,"href":"https:\/\/mundosemroteiros.com\/pt\/wp-json\/wp\/v2\/pages\/3298\/revisions"}],"predecessor-version":[{"id":3360,"href":"https:\/\/mundosemroteiros.com\/pt\/wp-json\/wp\/v2\/pages\/3298\/revisions\/3360"}],"wp:attachment":[{"href":"https:\/\/mundosemroteiros.com\/pt\/wp-json\/wp\/v2\/media?parent=3298"}],"curies":[{"name":"wp","href":"https:\/\/api.w.org\/{rel}","templated":true}]}}