{"id":3296,"date":"2026-03-31T14:14:03","date_gmt":"2026-03-31T14:14:03","guid":{"rendered":"https:\/\/mundosemroteiros.com\/?page_id=3296"},"modified":"2026-05-03T18:31:45","modified_gmt":"2026-05-03T21:31:45","slug":"destinos","status":"publish","type":"page","link":"https:\/\/mundosemroteiros.com\/pt\/destinos\/","title":{"rendered":"Destinos"},"content":{"rendered":"\n<div class=\"wp-block-group alignfull is-style-ext-preset--group--natural-1--section has-palette-color-7-background-color has-background is-layout-constrained wp-container-core-group-is-layout-3e3c5440 wp-block-group-is-layout-constrained\" style=\"margin-top:0;margin-bottom:0;padding-top:min(7rem,10vw);padding-bottom:min(7rem,10vw)\">\n<h2 class=\"wp-block-heading has-text-align-center ext-animate--on\">Transforme Sua Jornada com Dicas Pr\u00e1ticas e Experi\u00eancias Reais<\/h2>\n\n\n\n<p class=\"has-text-align-center ext-animate--on\" style=\"margin-top:1.5rem\">Des\u00adcubra como o Mun\u00addo Sem Roteiros ofer\u00adece estrat\u00e9\u00adgias econ\u00f4mi\u00adcas e insights para via\u00adjar com liber\u00addade e orga\u00adni\u00adza\u00ad\u00e7\u00e3o.<\/p>\n\n\n\n<div class=\"wp-block-columns alignwide is-layout-flex wp-container-core-columns-is-layout-08a2a807 wp-block-columns-is-layout-flex\">\n<div class=\"wp-block-column is-vertically-aligned-stretch ext-animate--on is-layout-flow wp-container-core-column-is-layout-0ab540ad wp-block-column-is-layout-flow\">\n<div class=\"wp-block-group is-style-ext-preset--group--natural-1--item-card-1--align-center is-layout-constrained wp-block-group-is-layout-constrained\">\n<figure class=\"wp-block-image aligncenter size-large ext-aspect-landscape\"><img fetchpriority=\"high\" decoding=\"async\" width=\"960\" height=\"1440\" src=\"https:\/\/mundosemroteiros.com\/wp-content\/uploads\/2026\/03\/db3d30ce8368c810d745dc3ec9e61d9fa024796c.jpg\" alt class=\"wp-image-3301\" style=\"aspect-ratio:4\/3;object-fit:cover\" srcset=\"https:\/\/mundosemroteiros.com\/wp-content\/uploads\/2026\/03\/db3d30ce8368c810d745dc3ec9e61d9fa024796c.jpg 960w, https:\/\/mundosemroteiros.com\/wp-content\/uploads\/2026\/03\/db3d30ce8368c810d745dc3ec9e61d9fa024796c-200x300.jpg 200w, https:\/\/mundosemroteiros.com\/wp-content\/uploads\/2026\/03\/db3d30ce8368c810d745dc3ec9e61d9fa024796c-683x1024.jpg 683w, https:\/\/mundosemroteiros.com\/wp-content\/uploads\/2026\/03\/db3d30ce8368c810d745dc3ec9e61d9fa024796c-768x1152.jpg 768w, https:\/\/mundosemroteiros.com\/wp-content\/uploads\/2026\/03\/db3d30ce8368c810d745dc3ec9e61d9fa024796c-8x12.jpg 8w\" sizes=\"(max-width: 960px) 100vw, 960px\"><\/figure>\n\n\n\n<div class=\"wp-block-group is-style-default is-layout-constrained wp-block-group-is-layout-constrained\">\n<h3 class=\"wp-block-heading has-text-align-center\">Dicas Aut\u00eanticas para Viagens Nacionais<\/h3>\n\n\n\n<p class=\"has-text-align-center\">Apren\u00adda a explo\u00adrar des\u00adti\u00adnos brasileiros de for\u00adma \u00fani\u00adca, aprovei\u00adtan\u00addo cada momen\u00adto com plane\u00adja\u00admen\u00adto efi\u00adciente e exper\u00adi\u00ean\u00adcias genu\u00ed\u00adnas.<\/p>\n<\/div>\n<\/div>\n<\/div>\n\n\n\n<div class=\"wp-block-column is-vertically-aligned-stretch ext-animate--on is-layout-flow wp-container-core-column-is-layout-0ab540ad wp-block-column-is-layout-flow\">\n<div class=\"wp-block-group is-style-ext-preset--group--natural-1--item-card-1--align-center is-layout-constrained wp-block-group-is-layout-constrained\">\n<figure class=\"wp-block-image aligncenter size-large ext-aspect-landscape\"><img decoding=\"async\" width=\"1080\" height=\"1440\" src=\"https:\/\/mundosemroteiros.com\/wp-content\/uploads\/2026\/03\/66178637f4841eadbee197dec87f305745cb0b0c.jpg\" alt class=\"wp-image-3302\" style=\"aspect-ratio:4\/3;object-fit:cover\" srcset=\"https:\/\/mundosemroteiros.com\/wp-content\/uploads\/2026\/03\/66178637f4841eadbee197dec87f305745cb0b0c.jpg 1080w, https:\/\/mundosemroteiros.com\/wp-content\/uploads\/2026\/03\/66178637f4841eadbee197dec87f305745cb0b0c-225x300.jpg 225w, https:\/\/mundosemroteiros.com\/wp-content\/uploads\/2026\/03\/66178637f4841eadbee197dec87f305745cb0b0c-768x1024.jpg 768w, https:\/\/mundosemroteiros.com\/wp-content\/uploads\/2026\/03\/66178637f4841eadbee197dec87f305745cb0b0c-9x12.jpg 9w\" sizes=\"(max-width: 1080px) 100vw, 1080px\"><\/figure>\n\n\n\n<div class=\"wp-block-group is-style-default is-layout-constrained wp-block-group-is-layout-constrained\">\n<h3 class=\"wp-block-heading has-text-align-center\">Estrat\u00e9gias para Viagens Internacionais Econ\u00f4micas<\/h3>\n\n\n\n<p class=\"has-text-align-center\">Con\u00adhe\u00e7a t\u00e1ti\u00adcas com\u00adpro\u00advadas que per\u00admitem econ\u00ado\u00admizar em pas\u00adsagens, hospedagem e ativi\u00addades, sem abrir m\u00e3o da aven\u00adtu\u00adra.<\/p>\n<\/div>\n<\/div>\n<\/div>\n\n\n\n<div class=\"wp-block-column is-vertically-aligned-stretch ext-animate--on is-layout-flow wp-container-core-column-is-layout-0ab540ad wp-block-column-is-layout-flow\">\n<div class=\"wp-block-group is-style-ext-preset--group--natural-1--item-card-1--align-center is-layout-constrained wp-block-group-is-layout-constrained\">\n<figure class=\"wp-block-image aligncenter size-large ext-aspect-landscape\"><img decoding=\"async\" width=\"1440\" height=\"809\" src=\"https:\/\/mundosemroteiros.com\/wp-content\/uploads\/2026\/03\/cb63f4bb38f07b9acb23b1e9c9f99d7bd1fd7038.jpg\" alt class=\"wp-image-3303\" style=\"aspect-ratio:4\/3;object-fit:cover\" srcset=\"https:\/\/mundosemroteiros.com\/wp-content\/uploads\/2026\/03\/cb63f4bb38f07b9acb23b1e9c9f99d7bd1fd7038.jpg 1440w, https:\/\/mundosemroteiros.com\/wp-content\/uploads\/2026\/03\/cb63f4bb38f07b9acb23b1e9c9f99d7bd1fd7038-300x169.jpg 300w, https:\/\/mundosemroteiros.com\/wp-content\/uploads\/2026\/03\/cb63f4bb38f07b9acb23b1e9c9f99d7bd1fd7038-1024x575.jpg 1024w, https:\/\/mundosemroteiros.com\/wp-content\/uploads\/2026\/03\/cb63f4bb38f07b9acb23b1e9c9f99d7bd1fd7038-768x431.jpg 768w, https:\/\/mundosemroteiros.com\/wp-content\/uploads\/2026\/03\/cb63f4bb38f07b9acb23b1e9c9f99d7bd1fd7038-18x10.jpg 18w\" sizes=\"(max-width: 1440px) 100vw, 1440px\"><\/figure>\n\n\n\n<div class=\"wp-block-group is-style-default is-layout-constrained wp-block-group-is-layout-constrained\">\n<h3 class=\"wp-block-heading\">Liberdade para Criar Seu Pr\u00f3prio Roteiro<\/h3>\n\n\n\n<p class=\"has-text-align-center\">Inspire-se a via\u00adjar no seu rit\u00admo, com flex\u00adi\u00adbil\u00adi\u00addade e autono\u00admia, para tornar cada viagem mem\u00ado\u00adr\u00e1v\u00adel e per\u00adson\u00adal\u00adiza\u00adda.<\/p>\n<\/div>\n<\/div>\n<\/div>\n<\/div>\n\n\n\n<div class=\"wp-block-buttons ext-animate--on is-content-justification-center is-layout-flex wp-container-core-buttons-is-layout-a89b3969 wp-block-buttons-is-layout-flex\">\n<div class=\"wp-block-button is-style-ext-preset--button--natural-1--button-1\"><a class=\"wp-block-button__link wp-element-button\" href=\"https:\/\/mundosemroteiros.com\/blog-2\/\">Sai\u00adba Mais<\/a><\/div>\n<\/div>\n<\/div>\n\n\n\n<div class=\"wp-block-group alignfull is-style-ext-preset--group--natural-1--section has-palette-color-5-background-color has-background is-layout-constrained wp-container-core-group-is-layout-3e3c5440 wp-block-group-is-layout-constrained\" style=\"margin-top:0;margin-bottom:0;padding-top:min(7rem,10vw);padding-bottom:min(7rem,10vw)\">\n<div class=\"wp-block-group alignwide ext-is-logical-start is-content-justification-left is-layout-constrained wp-container-core-group-is-layout-6729bdbe wp-block-group-is-layout-constrained\">\n<h2 class=\"wp-block-heading ext-animate--on\">Como Funciona o Mundo Sem Roteiros<\/h2>\n\n\n\n<p class=\"ext-animate--on\">Des\u00adcubra, pas\u00adso a pas\u00adso, como uti\u00adlizar dicas pr\u00e1ti\u00adcas e estrat\u00e9\u00adgias para explo\u00adrar o mun\u00addo com liber\u00addade e orga\u00adni\u00adza\u00ad\u00e7\u00e3o.<\/p>\n<\/div>\n\n\n\n<div class=\"wp-block-columns alignwide is-layout-flex wp-container-core-columns-is-layout-08a2a807 wp-block-columns-is-layout-flex\">\n<div class=\"wp-block-column is-vertically-aligned-stretch ext-animate--on is-layout-flow wp-container-core-column-is-layout-0ab540ad wp-block-column-is-layout-flow\">\n<div class=\"wp-block-group is-style-ext-preset--group--natural-1--item-card-1--align-start is-layout-constrained wp-block-group-is-layout-constrained\">\n<div class=\"wp-block-group is-style-default is-layout-constrained wp-block-group-is-layout-constrained\">\n<figure class=\"wp-block-image size-large ext-aspect-landscape wp-duotone-varpresetduotoneprimary-foreground-1\"><img decoding=\"async\" src=\"data:image\/svg+xml;base64,PHN2ZyB4bWxucz0iaHR0cDovL3d3dy53My5vcmcvMjAwMC9zdmciIHdpZHRoPSI0OCIgaGVpZ2h0PSI0OCIgZmlsbD0iIzAwMDAwMCIgdmlld0JveD0iMCAwIDI1NiAyNTYiPjxwYXRoIGQ9Ik0xMjgsMjRBMTA0LDEwNCwwLDEsMCwyMzIsMTI4LDEwNC4xMSwxMDQuMTEsMCwwLDAsMTI4LDI0Wm0wLDE5MmE4OCw4OCwwLDEsMSw4OC04OEE4OC4xLDg4LjEsMCwwLDEsMTI4LDIxNlpNMTQwLDgwdjk2YTgsOCwwLDAsMS0xNiwwVjk1bC0xMS41Niw3LjcxYTgsOCwwLDEsMS04Ljg4LTEzLjMybDI0LTE2QTgsOCwwLDAsMSwxNDAsODBaIj48L3BhdGg+PC9zdmc+\" alt style=\"object-fit:cover\"><\/figure>\n\n\n\n<h3 class=\"wp-block-heading\">Passo Um: Planejamento Inteligente<\/h3>\n\n\n\n<p>Apren\u00adda a orga\u00adni\u00adzar sua viagem com exper\u00adi\u00ean\u00adcias aut\u00ean\u00adti\u00adcas, garan\u00adti\u00adn\u00addo uma base s\u00f3l\u00adi\u00adda para aproveitar cada des\u00adti\u00adno.<\/p>\n<\/div>\n<\/div>\n<\/div>\n\n\n\n<div class=\"wp-block-column is-vertically-aligned-stretch ext-animate--on is-layout-flow wp-container-core-column-is-layout-0ab540ad wp-block-column-is-layout-flow\">\n<div class=\"wp-block-group is-style-ext-preset--group--natural-1--item-card-1--align-start is-layout-constrained wp-block-group-is-layout-constrained\">\n<div class=\"wp-block-group is-style-default is-layout-constrained wp-block-group-is-layout-constrained\">\n<figure class=\"wp-block-image size-large ext-aspect-landscape wp-duotone-varpresetduotoneprimary-foreground-2\"><img decoding=\"async\" src=\"data:image\/svg+xml;base64,PHN2ZyB4bWxucz0iaHR0cDovL3d3dy53My5vcmcvMjAwMC9zdmciIHdpZHRoPSI0OCIgaGVpZ2h0PSI0OCIgZmlsbD0iIzAwMDAwMCIgdmlld0JveD0iMCAwIDI1NiAyNTYiPjxwYXRoIGQ9Ik0xMjgsMjRBMTA0LDEwNCwwLDEsMCwyMzIsMTI4LDEwNC4xMSwxMDQuMTEsMCwwLDAsMTI4LDI0Wm0wLDE5MmE4OCw4OCwwLDEsMSw4OC04OEE4OC4xLDg4LjEsMCwwLDEsMTI4LDIxNlptMjUuNTYtOTIuNzRMMTIwLDE2OGgzMmE4LDgsMCwwLDEsMCwxNkgxMDRhOCw4LDAsMCwxLTYuNC0xMi44bDQzLjE3LTU3LjU2YTE2LDE2LDAsMSwwLTI3Ljg2LTE1LDgsOCwwLDAsMS0xNS4wOS01LjM0LDMyLDMyLDAsMSwxLDU1Ljc0LDI5LjkzWiI+PC9wYXRoPjwvc3ZnPg==\" alt style=\"object-fit:cover\"><\/figure>\n\n\n\n<h3 class=\"wp-block-heading\">Passo Dois: Viv\u00eancia Real<\/h3>\n\n\n\n<p>Coloque em pr\u00e1ti\u00adca as estrat\u00e9\u00adgias econ\u00f4mi\u00adcas e aproveite ao m\u00e1x\u00adi\u00admo cada momen\u00adto em des\u00adti\u00adnos nacionais e inter\u00adna\u00adcionais.<\/p>\n<\/div>\n<\/div>\n<\/div>\n\n\n\n<div class=\"wp-block-column is-vertically-aligned-stretch ext-animate--on is-layout-flow wp-container-core-column-is-layout-0ab540ad wp-block-column-is-layout-flow\">\n<div class=\"wp-block-group is-style-ext-preset--group--natural-1--item-card-1--align-start is-layout-constrained wp-block-group-is-layout-constrained\">\n<div class=\"wp-block-group is-style-default is-layout-constrained wp-block-group-is-layout-constrained\">\n<figure class=\"wp-block-image size-large ext-aspect-landscape wp-duotone-varpresetduotoneprimary-foreground-3\"><img decoding=\"async\" src=\"data:image\/svg+xml;base64,PHN2ZyB4bWxucz0iaHR0cDovL3d3dy53My5vcmcvMjAwMC9zdmciIHdpZHRoPSI0OCIgaGVpZ2h0PSI0OCIgZmlsbD0iIzAwMDAwMCIgdmlld0JveD0iMCAwIDI1NiAyNTYiPjxwYXRoIGQ9Ik0xMjgsMjRBMTA0LDEwNCwwLDEsMCwyMzIsMTI4LDEwNC4xMSwxMDQuMTEsMCwwLDAsMTI4LDI0Wm0wLDE5MmE4OCw4OCwwLDEsMSw4OC04OEE4OC4xLDg4LjEsMCwwLDEsMTI4LDIxNlptMzItNjRhMzYsMzYsMCwwLDEtNjEuNzEsMjUuMTlBOCw4LDAsMSwxLDEwOS43MSwxNjYsMjAsMjAsMCwxLDAsMTI0LDEzMmE4LDgsMCwwLDEtNi41NS0xMi41OUwxMzYuNjMsOTJIMTA0YTgsOCwwLDAsMSwwLTE2aDQ4YTgsOCwwLDAsMSw2LjU1LDEyLjU5bC0yMSwzMEEzNi4wNywzNi4wNywwLDAsMSwxNjAsMTUyWiI+PC9wYXRoPjwvc3ZnPg==\" alt style=\"object-fit:cover\"><\/figure>\n\n\n\n<h3 class=\"wp-block-heading\">Transforme sua Jornada<\/h3>\n\n\n\n<p>Veja como o Mun\u00addo Sem Roteiros con\u00adverte via\u00adgens comuns em aven\u00adturas \u00fani\u00adcas e inesquec\u00edveis.<\/p>\n<\/div>\n<\/div>\n<\/div>\n<\/div>\n<\/div>\n\n\n\n<div class=\"wp-block-group alignfull is-style-ext-preset--group--natural-1--section has-palette-color-5-background-color has-background is-layout-constrained wp-container-core-group-is-layout-3e3c5440 wp-block-group-is-layout-constrained\" style=\"margin-top:0;margin-bottom:0;padding-top:min(7rem,10vw);padding-bottom:min(7rem,10vw)\">\n<h2 class=\"wp-block-heading has-text-align-center ext-animate--on\">Experi\u00eancias Verdadeiras de Viagens Inesquec\u00edveis<\/h2>\n\n\n\n<p class=\"has-text-align-center ext-animate--on\" style=\"margin-top:1.5rem\">Des\u00adcubra pas\u00adso a pas\u00adso como o Mun\u00addo Sem Roteiros pode trans\u00adfor\u00admar suas via\u00adgens em jor\u00adnadas mem\u00ado\u00adr\u00e1veis e orga\u00adni\u00adzadas.<\/p>\n\n\n\n<div class=\"wp-block-buttons ext-animate--on is-content-justification-center is-layout-flex wp-container-core-buttons-is-layout-a89b3969 wp-block-buttons-is-layout-flex\">\n<div class=\"wp-block-button is-style-ext-preset--button--natural-1--button-1\"><a class=\"wp-block-button__link wp-element-button\" href=\"https:\/\/mundosemroteiros.com\/blog-2\/\">Des\u00adcubra Mais<\/a><\/div>\n<\/div>\n<\/div>\n\n\n\n<p><\/p>\n","protected":false},"excerpt":{"rendered":"<p>Trans\u00adforme Sua Jor\u00adna\u00adda com Dicas Pr\u00e1ti\u00adcas e Exper\u00adi\u00ean\u00adcias Reais Des\u00adcubra como o Mun\u00addo Sem Roteiros ofer\u00adece estrat\u00e9\u00adgias econ\u00f4mi\u00adcas e insights para via\u00adjar com liber\u00addade e orga\u00adni\u00adza\u00ad\u00e7\u00e3o. Dicas Aut\u00ean\u00adti\u00adcas para Via\u00adgens Nacionais Apren\u00adda a explo\u00adrar des\u00adti\u00adnos brasileiros de for\u00adma \u00fani\u00adca, aprovei\u00adtan\u00addo cada momen\u00adto com plane\u00adja\u00admen\u00adto efi\u00adciente e exper\u00adi\u00ean\u00adcias genu\u00ed\u00adnas. Estrat\u00e9\u00adgias para Via\u00adgens Inter\u00adna\u00adcionais Econ\u00f4mi\u00adcas Con\u00adhe\u00e7a t\u00e1ti\u00adcas com\u00adpro\u00advadas que per\u00admitem econ\u00ado\u00admizar em pas\u00adsagens, hospedagem e ativi\u00addades, sem abrir m\u00e3o da aven\u00adtu\u00adra. Liber\u00addade para Cri\u00adar Seu Pr\u00f3prio Roteiro Inspire-se a via\u00adjar no seu rit\u00admo, com flex\u00adi\u00adbil\u00adi\u00addade e autono\u00admia, para tornar cada viagem mem\u00ado\u00adr\u00e1v\u00adel e per\u00adson\u00adal\u00adiza\u00adda. Como Fun\u00adciona o Mun\u00addo Sem Roteiros Des\u00adcubra, pas\u00adso a pas\u00adso, como uti\u00adlizar dicas pr\u00e1ti\u00adcas e estrat\u00e9\u00adgias para explo\u00adrar o mun\u00addo com liber\u00addade e orga\u00adni\u00adza\u00ad\u00e7\u00e3o. Pas\u00adso Um: Plane\u00adja\u00admen\u00adto Inteligente Apren\u00adda a orga\u00adni\u00adzar sua viagem com exper\u00adi\u00ean\u00adcias aut\u00ean\u00adti\u00adcas, garan\u00adti\u00adn\u00addo uma base s\u00f3l\u00adi\u00adda para aproveitar cada des\u00adti\u00adno. Pas\u00adso Dois: Viv\u00ean\u00adcia Real Coloque em pr\u00e1ti\u00adca as estrat\u00e9\u00adgias econ\u00f4mi\u00adcas e aproveite ao m\u00e1x\u00adi\u00admo cada momen\u00adto em des\u00adti\u00adnos nacionais e inter\u00adna\u00adcionais. Trans\u00adforme sua Jor\u00adna\u00adda Veja como o Mun\u00addo Sem Roteiros con\u00adverte via\u00adgens comuns em aven\u00adturas \u00fani\u00adcas e inesquec\u00edveis. Exper\u00adi\u00ean\u00adcias Ver\u00addadeiras de Via\u00adgens Inesquec\u00edveis Des\u00adcubra pas\u00adso a pas\u00adso como o Mun\u00addo Sem Roteiros pode trans\u00adfor\u00admar suas via\u00adgens em jor\u00adnadas mem\u00ado\u00adr\u00e1veis e orga\u00adni\u00adzadas.<\/p>\n","protected":false},"author":1,"featured_media":0,"parent":0,"menu_order":0,"comment_status":"closed","ping_status":"closed","template":"","meta":{"wp_typography_post_enhancements_disabled":false,"footnotes":""},"class_list":["post-3296","page","type-page","status-publish","hentry"],"blocksy_meta":[],"_links":{"self":[{"href":"https:\/\/mundosemroteiros.com\/pt\/wp-json\/wp\/v2\/pages\/3296","targetHints":{"allow":["GET"]}}],"collection":[{"href":"https:\/\/mundosemroteiros.com\/pt\/wp-json\/wp\/v2\/pages"}],"about":[{"href":"https:\/\/mundosemroteiros.com\/pt\/wp-json\/wp\/v2\/types\/page"}],"author":[{"embeddable":true,"href":"https:\/\/mundosemroteiros.com\/pt\/wp-json\/wp\/v2\/users\/1"}],"replies":[{"embeddable":true,"href":"https:\/\/mundosemroteiros.com\/pt\/wp-json\/wp\/v2\/comments?post=3296"}],"version-history":[{"count":4,"href":"https:\/\/mundosemroteiros.com\/pt\/wp-json\/wp\/v2\/pages\/3296\/revisions"}],"predecessor-version":[{"id":3420,"href":"https:\/\/mundosemroteiros.com\/pt\/wp-json\/wp\/v2\/pages\/3296\/revisions\/3420"}],"wp:attachment":[{"href":"https:\/\/mundosemroteiros.com\/pt\/wp-json\/wp\/v2\/media?parent=3296"}],"curies":[{"name":"wp","href":"https:\/\/api.w.org\/{rel}","templated":true}]}}